{"id":5952,"date":"2017-01-05T11:58:56","date_gmt":"2017-01-05T14:58:56","guid":{"rendered":"https:\/\/www.dicaseducacaofisica.info\/contato\/"},"modified":"2025-07-02T20:02:16","modified_gmt":"2025-07-02T23:02:16","slug":"fale-conosco","status":"publish","type":"page","link":"https:\/\/www.dicaseducacaofisica.info\/pt-pt\/fale-conosco\/","title":{"rendered":"Contato"},"content":{"rendered":"<div class=\"art-content-layout\">\n<div class=\"art-content-layout-row\">\n<div class=\"art-layout-cell layout-item-0\" style=\"width: 100%;\">\n<h2>Fale Conosco &#8211; Contatos Dicas Educa\u00e7\u00e3o F\u00edsica<\/h2>\n<p><strong>Fale Conosco<\/strong> s\u00e3o as formas de <strong>conato<\/strong> do Dicas Educa\u00e7\u00e3o F\u00edsica. Voc\u00ea pode entrar em contato conosco atrav\u00e9s do nosso e-mail ou pelos aplicativos de mensagens.<\/p>\n<p><strong>E-mail<\/strong>: contato@dicaseducacaofisica.info<\/p>\n<p><strong>Whatsapp: <\/strong><a href=\"http:\/\/bit.ly\/whatsaap-def\" target=\"_blank\" rel=\"noopener noreferrer\">21 96752 5697<\/a><\/p>\n<p><strong>Telegram:<\/strong> <a href=\"https:\/\/t.me\/dicaseducacaofisica\" target=\"_blank\" rel=\"noopener noreferrer\">https:\/\/t.me\/dicaseducacaofisica<\/a><\/p>\n<p><strong>YouTube:<\/strong> <a href=\"http:\/\/bit.ly\/inscricao-def\" target=\"_blank\" rel=\"noopener noreferrer\">Canal Dicas Educa\u00e7\u00e3o F\u00edsica<\/a><\/p>\n<\/div>\n<\/div>\n<\/div>\n","protected":false},"excerpt":{"rendered":"<p>Fale Conosco &#8211; Contatos Dicas Educa\u00e7\u00e3o F\u00edsica Fale Conosco s\u00e3o as formas de conato do Dicas Educa\u00e7\u00e3o F\u00edsica. Voc\u00ea pode entrar em contato conosco atrav\u00e9s do nosso e-mail ou pelos aplicativos de mensagens. E-mail: contato@dicaseducacaofisica.info Whatsapp: 21 96752 5697 Telegram: https:\/\/t.me\/dicaseducacaofisica YouTube: Canal Dicas Educa\u00e7\u00e3o F\u00edsica<\/p>\n","protected":false},"author":3,"featured_media":0,"parent":0,"menu_order":2,"comment_status":"closed","ping_status":"closed","template":"","meta":{"_crdt_document":"","neve_meta_sidebar":"","neve_meta_container":"","neve_meta_enable_content_width":"","neve_meta_content_width":0,"neve_meta_title_alignment":"","neve_meta_author_avatar":"","neve_post_elements_order":"","neve_meta_disable_header":"","neve_meta_disable_footer":"","neve_meta_disable_title":"","footnotes":""},"class_list":["post-5952","page","type-page","status-publish","hentry"],"_links":{"self":[{"href":"https:\/\/www.dicaseducacaofisica.info\/pt-pt\/wp-json\/wp\/v2\/pages\/5952","targetHints":{"allow":["GET"]}}],"collection":[{"href":"https:\/\/www.dicaseducacaofisica.info\/pt-pt\/wp-json\/wp\/v2\/pages"}],"about":[{"href":"https:\/\/www.dicaseducacaofisica.info\/pt-pt\/wp-json\/wp\/v2\/types\/page"}],"author":[{"embeddable":true,"href":"https:\/\/www.dicaseducacaofisica.info\/pt-pt\/wp-json\/wp\/v2\/users\/3"}],"replies":[{"embeddable":true,"href":"https:\/\/www.dicaseducacaofisica.info\/pt-pt\/wp-json\/wp\/v2\/comments?post=5952"}],"version-history":[{"count":1,"href":"https:\/\/www.dicaseducacaofisica.info\/pt-pt\/wp-json\/wp\/v2\/pages\/5952\/revisions"}],"predecessor-version":[{"id":200886,"href":"https:\/\/www.dicaseducacaofisica.info\/pt-pt\/wp-json\/wp\/v2\/pages\/5952\/revisions\/200886"}],"wp:attachment":[{"href":"https:\/\/www.dicaseducacaofisica.info\/pt-pt\/wp-json\/wp\/v2\/media?parent=5952"}],"curies":[{"name":"wp","href":"https:\/\/api.w.org\/{rel}","templated":true}]}}