{"id":5855,"date":"2017-01-05T11:58:56","date_gmt":"2017-01-05T14:58:56","guid":{"rendered":"https:\/\/www.dicaseducacaofisica.info\/contacto\/"},"modified":"2020-03-01T17:57:21","modified_gmt":"2020-03-01T20:57:21","slug":"contacto","status":"publish","type":"page","link":"https:\/\/www.dicaseducacaofisica.info\/es\/contacto\/","title":{"rendered":"Contacto"},"content":{"rendered":"<div class=\"art-content-layout\">\n<div class=\"art-content-layout-row\">\n<div class=\"art-layout-cell layout-item-0\" style=\"width: 100%;\">\n<h2>Cont\u00e1ctenos &#8211; Consejos de Contactos Educaci\u00f3n F\u00edsica &#8211; DEF<\/h2>\n<p><strong>Cont\u00e1ctenos<\/strong> son las formas <strong>de cono<\/strong> de Consejos de Educaci\u00f3n F\u00edsica &#8211; DEF. Puede ponerse en contacto con nosotros a trav\u00e9s de nuestras aplicaciones de correo electr\u00f3nico o mensajer\u00eda.<\/p>\n<p><strong>Correo electr\u00f3nico<\/strong>: contato@dicaseducacaofisica.info<\/p>\n<p><strong>Whatsapp:<\/strong> <a href=\"http:\/\/bit.ly\/whatsaap-def\" target=\"_blank\" rel=\"noopener noreferrer\">21 96752 5697<\/a><\/p>\n<p><strong>Telegrama<\/strong>: <a href=\"https:\/\/t.me\/dicaseducacaofisica\" target=\"_blank\" rel=\"noopener noreferrer\">https:\/\/t.me\/dicaseducacaofisica<\/a><\/p>\n<p><strong>YouTube:<\/strong> <a href=\"http:\/\/bit.ly\/inscricao-def\" target=\"_blank\" rel=\"noopener noreferrer\">Consejos de canal Educaci\u00f3n F\u00edsica<\/a><\/p>\n<\/div>\n<\/div>\n<\/div>\n","protected":false},"excerpt":{"rendered":"<p>Cont\u00e1ctenos &#8211; Consejos de Contactos Educaci\u00f3n F\u00edsica &#8211; DEF Cont\u00e1ctenos son las formas de cono de Consejos de Educaci\u00f3n F\u00edsica &#8211; DEF. Puede ponerse en contacto con nosotros a trav\u00e9s de nuestras aplicaciones de correo electr\u00f3nico o mensajer\u00eda. Correo electr\u00f3nico: contato@dicaseducacaofisica.info Whatsapp: 21 96752 5697 Telegrama: https:\/\/t.me\/dicaseducacaofisica YouTube: Consejos de canal Educaci\u00f3n F\u00edsica<\/p>\n","protected":false},"author":3,"featured_media":0,"parent":0,"menu_order":2,"comment_status":"closed","ping_status":"closed","template":"","meta":{"_crdt_document":"","neve_meta_sidebar":"","neve_meta_container":"","neve_meta_enable_content_width":"","neve_meta_content_width":0,"neve_meta_title_alignment":"","neve_meta_author_avatar":"","neve_post_elements_order":"","neve_meta_disable_header":"","neve_meta_disable_footer":"","neve_meta_disable_title":"","footnotes":""},"class_list":["post-5855","page","type-page","status-publish","hentry"],"_links":{"self":[{"href":"https:\/\/www.dicaseducacaofisica.info\/es\/wp-json\/wp\/v2\/pages\/5855","targetHints":{"allow":["GET"]}}],"collection":[{"href":"https:\/\/www.dicaseducacaofisica.info\/es\/wp-json\/wp\/v2\/pages"}],"about":[{"href":"https:\/\/www.dicaseducacaofisica.info\/es\/wp-json\/wp\/v2\/types\/page"}],"author":[{"embeddable":true,"href":"https:\/\/www.dicaseducacaofisica.info\/es\/wp-json\/wp\/v2\/users\/3"}],"replies":[{"embeddable":true,"href":"https:\/\/www.dicaseducacaofisica.info\/es\/wp-json\/wp\/v2\/comments?post=5855"}],"version-history":[{"count":0,"href":"https:\/\/www.dicaseducacaofisica.info\/es\/wp-json\/wp\/v2\/pages\/5855\/revisions"}],"wp:attachment":[{"href":"https:\/\/www.dicaseducacaofisica.info\/es\/wp-json\/wp\/v2\/media?parent=5855"}],"curies":[{"name":"wp","href":"https:\/\/api.w.org\/{rel}","templated":true}]}}