{"id":5798,"date":"2017-04-14T22:32:01","date_gmt":"2017-04-14T20:32:01","guid":{"rendered":"https:\/\/www.dicaseducacaofisica.info\/?page_id=5798"},"modified":"2025-07-02T20:02:24","modified_gmt":"2025-07-02T23:02:24","slug":"politica-de-privacidade","status":"publish","type":"page","link":"https:\/\/www.dicaseducacaofisica.info\/es\/politica-de-privacidade\/","title":{"rendered":"Privacidad"},"content":{"rendered":"<h2>Pol\u00edtica de privacidad &#8211; Consejos de educaci\u00f3n f\u00edsica<\/h2>\n<p>1 &#8211; Toda su informaci\u00f3n personal recopilada se utilizar\u00e1 para ayudar a que su visita a <strong><a href=\"https:\/\/www.dicaseducacaofisica.info\/es\/\">Consejos de educaci\u00f3n f\u00edsica<\/a><\/strong> sea lo m\u00e1s productiva y agradable posible.<\/p>\n<p>2 &#8211; A <strong>garantia da<\/strong> <strong>confidencialidade<\/strong> dos dados pessoais dos utilizadores do nosso site \u00e9 importante para <strong>Dicas Educa\u00e7\u00e3o F\u00edsica<\/strong>.<\/p>\n<p>3 &#8211; Toda la informaci\u00f3n personal relativa a los miembros, suscriptores, clientes o visitantes que utilicen Dicas Educa\u00e7\u00e3o F\u00edsica ser\u00e1 tratada de acuerdo con la<strong> legislaci\u00f3n vigente<\/strong>.<\/p>\n<p>4 &#8211; La informaci\u00f3n personal recopilada puede incluir su nombre, direcci\u00f3n de correo electr\u00f3nico, n\u00famero de tel\u00e9fono fijo y\/o m\u00f3vil, direcci\u00f3n, fecha de nacimiento y\/u otros.<\/p>\n<p>5 &#8211; La utilizaci\u00f3n de <strong>Dicas Educa\u00e7\u00e3o<\/strong> F\u00edsica presupone la aceptaci\u00f3n de este Acuerdo de <strong>Privacidad<\/strong>. El equipo de <strong>Dicas Educa\u00e7\u00e3o<\/strong> F\u00edsica se reserva el derecho de modificar este acuerdo. Sin embargo, cualquier cambio en el acuerdo de privacidad de DICAS EDUCA\u00c7\u00c3O F\u00cdSICA ser\u00e1 <strong>ampliamente divulgado<\/strong> en todos nuestros medios de comunicaci\u00f3n con el p\u00fablico, con el fin de mantener a nuestros usuarios actualizados. <\/p>\n<h2>Los anuncios<\/h2>\n<p>6 &#8211; Al igual que otros sitios web, recopilamos y utilizamos la informaci\u00f3n contenida en los anuncios. La informaci\u00f3n contenida en los anuncios incluye su direcci\u00f3n IP (protocolo de Internet), su ISP (proveedor de servicios de Internet, como Sapo, Clix u otro), el navegador que utiliz\u00f3 al visitar nuestro sitio web (como Internet Explorer o Firefox), la hora de su visita y las p\u00e1ginas que visit\u00f3 dentro de nuestro sitio web. <\/p>\n<h2>Publicidad con cookies<\/h2>\n<p>7 &#8211;  Los <strong>terceros<\/strong>, incluido <strong>Google,<\/strong> utilizan <strong>cookies<\/strong> para publicar anuncios basados en las visitas anteriores de un usuario a su sitio web o a otros sitios web;  <\/p>\n<p>8 &#8211; A trav\u00e9s del uso de <strong>cookies<\/strong> publicitarias, <strong>Google<\/strong> y sus socios pueden publicar anuncios basados en sus visitas (del usuario) a <strong>DICAS EDUCA\u00c7\u00c3O F\u00cdSICA<\/strong> y\/u otros sitios en Internet.<\/p>\n<p>9 &#8211; Usted o cualquier usuario tiene derecho a <strong>desactivar<\/strong> la publicidad personalizada accediendo a la <a href=\"https:\/\/www.google.com.br\/settings\/ads\" target=\"_blank\" rel=\"noopener noreferrer\">Configuraci\u00f3n de anuncios<\/a>.<\/p>\n<h2>Cookies y balizas web<\/h2>\n<p>10 &#8211; Utilizamos cookies para almacenar informaci\u00f3n como sus preferencias personales cuando visita nuestro sitio web. Esto puede incluir una simple ventana emergente, o un enlace en varios servicios que ofrecemos, como los foros. <\/p>\n<p>11 &#8211; Adem\u00e1s, tambi\u00e9n utilizamos publicidad de terceros en nuestro sitio web para sufragar los gastos de mantenimiento. Algunos de estos anunciantes pueden utilizar tecnolog\u00edas como cookies y\/o balizas web al anunciarse en nuestro sitio web, lo que har\u00e1 que estos anunciantes (como Google a trav\u00e9s de Google AdSense) tambi\u00e9n reciban su informaci\u00f3n personal, como su direcci\u00f3n IP, su ISP, su navegador, etc. Esta funci\u00f3n se utiliza generalmente para geotargeting (mostrar publicidad de Lisboa s\u00f3lo a lectores de Lisboa, por ejemplo) o para presentar publicidad dirigida a un tipo de usuario (como mostrar publicidad de restaurantes a un usuario que visita regularmente sitios de cocina, por ejemplo).  <\/p>\n<p>12 &#8211; Usted tiene la posibilidad de desactivar las cookies, ya sea en las opciones de su navegador o realizando cambios en las herramientas de los programas antivirus, como Norton Internet Security. Sin embargo, esto puede cambiar su forma de interactuar con nuestro sitio web o con otros sitios web. Esto puede afectar o no permitirle iniciar sesi\u00f3n en programas, sitios o foros de nuestra red y de otras redes.  <\/p>\n<h2>Enlaces a sitios de terceros<\/h2>\n<p>13 &#8211; <strong>Dicas Educa\u00e7\u00e3o<\/strong> F\u00edsica tiene enlaces a otros sitios web que, en nuestra opini\u00f3n, pueden contener informaci\u00f3n \/ herramientas \u00fatiles para nuestros visitantes. <strong>Nuestra pol\u00edtica de privacidad no se aplica a los sitios de terceros<\/strong>, por lo que si usted visita otro sitio desde el nuestro debe leer su pol\u00edtica de privacidad. <\/p>\n<p>14 &#8211; No somos responsables de la pol\u00edtica de privacidad ni del contenido de los sitios web de terceros.<\/p>\n","protected":false},"excerpt":{"rendered":"<p>Pol\u00edtica de privacidad &#8211; Consejos de educaci\u00f3n f\u00edsica 1 &#8211; Toda su informaci\u00f3n personal recopilada se utilizar\u00e1 para ayudar a que su visita a Consejos de educaci\u00f3n f\u00edsica sea lo m\u00e1s productiva y agradable posible. 2 &#8211; A garantia da confidencialidade dos dados pessoais dos utilizadores do nosso site \u00e9 importante para Dicas Educa\u00e7\u00e3o F\u00edsica.&hellip;&nbsp;<a href=\"https:\/\/www.dicaseducacaofisica.info\/es\/politica-de-privacidade\/\" rel=\"bookmark\">Leer m\u00e1s &raquo;<span class=\"screen-reader-text\">Privacidad<\/span><\/a><\/p>\n","protected":false},"author":3,"featured_media":0,"parent":0,"menu_order":0,"comment_status":"closed","ping_status":"closed","template":"","meta":{"_crdt_document":"","neve_meta_sidebar":"","neve_meta_container":"","neve_meta_enable_content_width":"","neve_meta_content_width":0,"neve_meta_title_alignment":"","neve_meta_author_avatar":"","neve_post_elements_order":"","neve_meta_disable_header":"","neve_meta_disable_footer":"","neve_meta_disable_title":"","footnotes":""},"class_list":["post-5798","page","type-page","status-publish","hentry"],"_links":{"self":[{"href":"https:\/\/www.dicaseducacaofisica.info\/es\/wp-json\/wp\/v2\/pages\/5798","targetHints":{"allow":["GET"]}}],"collection":[{"href":"https:\/\/www.dicaseducacaofisica.info\/es\/wp-json\/wp\/v2\/pages"}],"about":[{"href":"https:\/\/www.dicaseducacaofisica.info\/es\/wp-json\/wp\/v2\/types\/page"}],"author":[{"embeddable":true,"href":"https:\/\/www.dicaseducacaofisica.info\/es\/wp-json\/wp\/v2\/users\/3"}],"replies":[{"embeddable":true,"href":"https:\/\/www.dicaseducacaofisica.info\/es\/wp-json\/wp\/v2\/comments?post=5798"}],"version-history":[{"count":1,"href":"https:\/\/www.dicaseducacaofisica.info\/es\/wp-json\/wp\/v2\/pages\/5798\/revisions"}],"predecessor-version":[{"id":200901,"href":"https:\/\/www.dicaseducacaofisica.info\/es\/wp-json\/wp\/v2\/pages\/5798\/revisions\/200901"}],"wp:attachment":[{"href":"https:\/\/www.dicaseducacaofisica.info\/es\/wp-json\/wp\/v2\/media?parent=5798"}],"curies":[{"name":"wp","href":"https:\/\/api.w.org\/{rel}","templated":true}]}}